{"id":4943,"date":"2025-07-14T11:05:15","date_gmt":"2025-07-14T09:05:15","guid":{"rendered":"https:\/\/philosophy-cognition.com\/cmc\/?page_id=4943"},"modified":"2025-07-24T12:44:21","modified_gmt":"2025-07-24T10:44:21","slug":"datenschutz-de","status":"publish","type":"page","link":"https:\/\/philosophy-cognition.com\/cmc\/datenschutz-de\/","title":{"rendered":"Datenschutz"},"content":{"rendered":"\n[et_pb_section fb_built=&#8221;1&#8243; _builder_version=&#8221;4.27.4&#8243; _module_preset=&#8221;default&#8221; global_colors_info=&#8221;{}&#8221;][et_pb_row _builder_version=&#8221;4.27.4&#8243; _module_preset=&#8221;default&#8221; global_colors_info=&#8221;{}&#8221;][et_pb_column type=&#8221;4_4&#8243; _builder_version=&#8221;4.27.4&#8243; _module_preset=&#8221;default&#8221; global_colors_info=&#8221;{}&#8221;][et_pb_heading title=&#8221;Datenschutz&#8221; _builder_version=&#8221;4.27.4&#8243; _module_preset=&#8221;default&#8221; hover_enabled=&#8221;0&#8243; border_width_bottom=&#8221;2px&#8221; global_colors_info=&#8221;{}&#8221; sticky_enabled=&#8221;0&#8243;][\/et_pb_heading][et_pb_text _builder_version=&#8221;4.27.4&#8243; _module_preset=&#8221;default&#8221; global_colors_info=&#8221;{}&#8221;]<p><!-- divi:heading --><\/p>\n<p>Im Folgenden informieren wir \u00fcber die Verarbeitung personenbezogener Daten bei Nutzung der Webseite https:\/\/situated-cognition.com <br \/>Personenbezogene Daten sind alle Daten, die auf Sie pers\u00f6nlich bezogen werden k\u00f6nnen.<br \/><br \/><br \/>Die personenbezogenen Informationen werden in keiner Weise f\u00fcr wirtschaftliche Aktivit\u00e4ten verwendet oder an Dritte weitergeleitet. Sie dienen lediglich der Zusendung von Mitteilungen \u00fcber Konferenzen, Workshops und wissenschaftliche Aktivit\u00e4ten in Forschung und Lehre.<br \/>Weitere formale Bestimmungen finden Sie nun folgend:<\/p>\n<p><strong>Datenschutzbeauftragter<\/strong> Prof. Dr. Newen Ruhr-Universit\u00e4t Bochum Institut f\u00fcr Philosophie II Universit\u00e4tsstra\u00dfe 150 D-44780 Bochum<\/p>\n<p>Raum: GA 3\/152<br \/>Tel.: +49-234- 32-22139<br \/>Fax: +49-234- 32-14963<\/p>\n<p>E-Mail: Albert.Newen@rub.de<\/p>\n<p><strong>Ansprechpartner \/ Sekretariat<\/strong> Valerie Zarges Tel.: +49-234-32-28139 Tetiana Adler Tel.: +49-234-32-22711 Raum GA 3\/151 E-Mail: sekretariat-newen@rub.de \u00d6ffnungszeiten: Mo: 9:00 bis 16:30 Uhr Di-Do: 8:30 bis 16:30 Uhr Fr: 8:30 bis 15:00 Uhr<\/p>\n<p><strong>Beschreibung und Umfang der Datenverarbeitung<\/strong><\/p>\n<p>Bei jedem Aufruf unserer Internetseite sind f\u00fcr die Bereitstellung der Informationen Daten \u00fcber den aufrufenden Rechner erforderlich (erforderlich f\u00fcr die Bereitstellung der Informationen, Rechtsgrundlage Art. 6 Abs. 1, Buchst. e). Folgende Daten werden hierbei verarbeitet:<\/p>\n<ol class=\"wp-block-list\">\n<li>Informationen \u00fcber den Browsertyp und die verwendete Version<\/li>\n<li>Das Betriebssystem des Nutzers<\/li>\n<li>Die IP-Adresse des Nutzers<\/li>\n<li>Datum und Uhrzeit des Zugriffs<\/li>\n<li>Websites, von denen das System des Nutzers auf unsere Internetseite gelangt<\/li>\n<\/ol>\n<p>Die Daten werden ebenfalls in den Logfiles unseres Systems gespeichert. Eine Speicherung dieser Daten zusammen mit anderen personenbezogenen Daten des Nutzers findet nicht statt.<\/p>\n<p>Die Verarbeitung der Daten ist zur Bereitstellung der Website ist f\u00fcr den Betrieb der Internetseite zwingend erforderlich. Es besteht daher seitens des Nutzers keine Widerspruchsm\u00f6glichkeit.<\/p>\n<p><strong>Verwendung von Cookies<\/strong><\/p>\n<p>Unsere Webseite verwendet Cookies. Bei Cookies handelt es sich um Dateien, die im Internetbrowser bzw. vom Internetbrowser auf dem aufrufenden System gespeichert werden. Auf unseren Webseiten, werden keine identifizierenden Cookies eingesetzt.<\/p>\n<p><strong>E-Mail-Kontakt<\/strong><\/p>\n<p>Bei der Kontaktaufnahme mit uns per Email werden die von Ihnen mitgeteilten Daten (Email-Adresse, weitere von Ihnen gemachte Angaben) von uns verarbeitet und gespeichert, um ihre Fragen zu beantworten. Akten dieser Art werden an der Ruhr-Universit\u00e4t Bochum 5 Jahre aufbewahrt (erforderlich zur Erf\u00fcllung der Aufgabe, Aufbewahrungsfrist gem\u00e4\u00df Richtlinie der Ruhr-Universit\u00e4t, Rechtsgrundlage Art. 6 Abs. 1, Buchst. e).<\/p>\n<p><strong>Ihre Rechte als betroffene Person<\/strong><\/p>\n<p>Werden personenbezogene Daten von Ihnen verarbeitet, sind Sie Betroffener i.S.d. DSGVO und es stehen Ihnen folgende Rechte gegen\u00fcber dem Verantwortlichen zu:<\/p>\n<p>Sie k\u00f6nnen eine Best\u00e4tigung dar\u00fcber verlangen, ob personenbezogene Daten, die Sie betreffen, verarbeitet werden. Falls eine solche Verarbeitung vorliegt k\u00f6nnen Sie Auskunft \u00fcber den Zweck, die Daten, die Herkunft der Daten, Empf\u00e4nger von Daten (inkl. internationaler Weitergaben) sowie Dauer der Speicherung erhalten.<\/p>\n<p>Sie haben ein Recht auf Berichtigung der Daten, falls diese unrichtig oder unvollst\u00e4ndig sind. Unter verschiedenen Voraussetzungen haben Sie das Recht die Daten L\u00f6schen zu lassen oder die Verarbeitung einzuschr\u00e4nken. Insbesondere Daten, die Sie freiwillig angegeben haben m\u00fcssen gel\u00f6scht werden, wenn Sie ihre Einwilligung zur\u00fcckziehen. Falls Daten weitergegeben wurden bezieht sich die L\u00f6schung auch auf die Empf\u00e4nger von Daten und wir werden Ihnen die Empf\u00e4nger Ihrer Daten mitteilen.<\/p>\n<p>F\u00fcr Fragen und Beschwerden k\u00f6nnen Sie sich in jedem Fall an die zust\u00e4ndige Aufsichtsbeh\u00f6rde wenden (Landesbeauftragte f\u00fcr den Datenschutz NRW, <a href=\"http:\/\/ldi.nrw.de\/\">http:\/\/ldi.nrw.de<\/a>)<\/p>\n<p>Die personenbezogenen Informationen werden in keiner Weise f\u00fcr wirtschaftliche Aktivit\u00e4ten verwendet. Diese Seiten werden nach Grundprinzipien von Informationsseiten der Ruhr-Universit\u00e4t gestaltet. <br \/>Daher k\u00f6nnen Sie weitere Informationen \u00fcber Rahmenbedingungen auf den folgenden Seiten finden:<\/p>\n<p><strong>Weitere Informationen finden Sie hier<\/strong> <a href=\"https:\/\/dsb.ruhr-uni-bochum.de\/\">https:\/\/dsb.ruhr-uni-bochum.de\/<\/a><\/p>\n<br \/>\n<p><!-- \/divi:heading --><\/p>[\/et_pb_text][\/et_pb_column][\/et_pb_row][et_pb_row _builder_version=&#8221;4.27.4&#8243; _module_preset=&#8221;default&#8221; locked=&#8221;off&#8221; global_colors_info=&#8221;{}&#8221;][et_pb_column type=&#8221;4_4&#8243; _builder_version=&#8221;4.27.4&#8243; _module_preset=&#8221;default&#8221; global_colors_info=&#8221;{}&#8221;][\/et_pb_column][\/et_pb_row][\/et_pb_section]\n","protected":false},"excerpt":{"rendered":"<p>Im Folgenden informieren wir \u00fcber die Verarbeitung personenbezogener Daten bei Nutzung der Webseite https:\/\/situated-cognition.com Personenbezogene Daten sind alle Daten, die auf Sie pers\u00f6nlich bezogen werden k\u00f6nnen.Die personenbezogenen Informationen werden in [&hellip;]<\/p>\n","protected":false},"author":17,"featured_media":0,"parent":0,"menu_order":0,"comment_status":"closed","ping_status":"closed","template":"","meta":{"_et_pb_use_builder":"on","_et_pb_old_content":"","_et_gb_content_width":"","footnotes":""},"folder":[],"class_list":["post-4943","page","type-page","status-publish","hentry"],"_links":{"self":[{"href":"https:\/\/philosophy-cognition.com\/cmc\/wp-json\/wp\/v2\/pages\/4943","targetHints":{"allow":["GET"]}}],"collection":[{"href":"https:\/\/philosophy-cognition.com\/cmc\/wp-json\/wp\/v2\/pages"}],"about":[{"href":"https:\/\/philosophy-cognition.com\/cmc\/wp-json\/wp\/v2\/types\/page"}],"author":[{"embeddable":true,"href":"https:\/\/philosophy-cognition.com\/cmc\/wp-json\/wp\/v2\/users\/17"}],"replies":[{"embeddable":true,"href":"https:\/\/philosophy-cognition.com\/cmc\/wp-json\/wp\/v2\/comments?post=4943"}],"version-history":[{"count":9,"href":"https:\/\/philosophy-cognition.com\/cmc\/wp-json\/wp\/v2\/pages\/4943\/revisions"}],"predecessor-version":[{"id":5215,"href":"https:\/\/philosophy-cognition.com\/cmc\/wp-json\/wp\/v2\/pages\/4943\/revisions\/5215"}],"wp:attachment":[{"href":"https:\/\/philosophy-cognition.com\/cmc\/wp-json\/wp\/v2\/media?parent=4943"}],"wp:term":[{"taxonomy":"folder","embeddable":true,"href":"https:\/\/philosophy-cognition.com\/cmc\/wp-json\/wp\/v2\/folder?post=4943"}],"curies":[{"name":"wp","href":"https:\/\/api.w.org\/{rel}","templated":true}]}}