{"id":4301,"date":"2025-06-23T09:43:15","date_gmt":"2025-06-23T07:43:15","guid":{"rendered":"https:\/\/philosophy-cognition.com\/cmc\/?page_id=4301"},"modified":"2025-12-02T14:53:10","modified_gmt":"2025-12-02T13:53:10","slug":"collaborative-projects","status":"publish","type":"page","link":"https:\/\/philosophy-cognition.com\/cmc\/collaborative-projects\/","title":{"rendered":"Collaborative Projects"},"content":{"rendered":"<p>[et_pb_section fb_built=&#8221;1&#8243; _builder_version=&#8221;4.27.4&#8243; _module_preset=&#8221;default&#8221; global_colors_info=&#8221;{}&#8221;][et_pb_row _builder_version=&#8221;4.27.4&#8243; _module_preset=&#8221;default&#8221; global_colors_info=&#8221;{}&#8221;][et_pb_column type=&#8221;4_4&#8243; _builder_version=&#8221;4.27.4&#8243; _module_preset=&#8221;default&#8221; global_colors_info=&#8221;{}&#8221;][et_pb_heading title=&#8221;Collaborative Projects&#8221; _builder_version=&#8221;4.27.4&#8243; _module_preset=&#8221;default&#8221; border_width_bottom=&#8221;2px&#8221; locked=&#8221;off&#8221; global_colors_info=&#8221;{}&#8221;][\/et_pb_heading][\/et_pb_column][\/et_pb_row][et_pb_row column_structure=&#8221;1_4,1_4,1_4,1_4&#8243; make_equal=&#8221;on&#8221; _builder_version=&#8221;4.27.4&#8243; _module_preset=&#8221;default&#8221; global_colors_info=&#8221;{}&#8221;][et_pb_column type=&#8221;1_4&#8243; _builder_version=&#8221;4.27.4&#8243; _module_preset=&#8221;default&#8221; global_colors_info=&#8221;{}&#8221;][et_pb_team_member name=&#8221;FBZ Bochum&#8221; position=&#8221;Research and Treatment Center for Mental Health&#8221; image_url=&#8221;https:\/\/philosophy-cognition.com\/cmc\/wp-content\/uploads\/2024\/09\/FBZ.gif&#8221; _builder_version=&#8221;4.27.4&#8243; _module_preset=&#8221;default&#8221; position_font=&#8221;|600||||on|||&#8221; position_text_color=&#8221;rgba(0,0,0,0.76)&#8221; module_alignment=&#8221;center&#8221; min_height_tablet=&#8221;&#8221; min_height_phone=&#8221;&#8221; min_height_last_edited=&#8221;on|desktop&#8221; height_tablet=&#8221;&#8221; height_phone=&#8221;&#8221; height_last_edited=&#8221;on|desktop&#8221; max_height_tablet=&#8221;&#8221; max_height_phone=&#8221;none&#8221; max_height_last_edited=&#8221;on|phone&#8221; custom_margin=&#8221;0px||||false|false&#8221; custom_padding=&#8221;10px|10px|10px|10px|true|true&#8221; hover_enabled=&#8221;0&#8243; border_radii=&#8221;on|15px|15px|15px|15px&#8221; box_shadow_style=&#8221;preset1&#8243; global_colors_info=&#8221;{}&#8221; sticky_enabled=&#8221;0&#8243;]<\/p>\n<p><span style=\"text-decoration: underline;\">Coordination:<\/span><br \/>Prof. Dr. Silvia Schneider (RUB)<\/p>\n<p><span style=\"text-decoration: underline;\">Funded by:<\/span> German Centre for Mental Health (DZPG)<br \/><span style=\"text-decoration: underline;\">Period:<\/span> 2023-2025<\/p>\n<p><a href=\"https:\/\/fbz-bochum.de\/\" target=\"_blank\" rel=\"noopener\">Website<\/a><\/p>\n<p>[\/et_pb_team_member][\/et_pb_column][et_pb_column type=&#8221;1_4&#8243; _builder_version=&#8221;4.27.4&#8243; _module_preset=&#8221;default&#8221; global_colors_info=&#8221;{}&#8221;][et_pb_team_member name=&#8221;TRR 289 Project A19&#8243; position=&#8221;Behavioral and neural effects of practitioner communication on speech perception, treatment expectation and treatment outcome&#8221; image_url=&#8221;https:\/\/philosophy-cognition.com\/cmc\/wp-content\/uploads\/2024\/10\/TRR-289.jpg&#8221; _builder_version=&#8221;4.27.4&#8243; _module_preset=&#8221;default&#8221; position_font=&#8221;|600||||on|||&#8221; position_text_color=&#8221;rgba(0,0,0,0.76)&#8221; position_line_height=&#8221;1.3em&#8221; module_alignment=&#8221;center&#8221; min_height_tablet=&#8221;&#8221; min_height_phone=&#8221;&#8221; min_height_last_edited=&#8221;on|desktop&#8221; height_tablet=&#8221;&#8221; height_phone=&#8221;&#8221; height_last_edited=&#8221;on|tablet&#8221; max_height_tablet=&#8221;&#8221; max_height_phone=&#8221;&#8221; max_height_last_edited=&#8221;on|tablet&#8221; custom_margin=&#8221;0px||||false|false&#8221; custom_padding=&#8221;10px|10px|10px|10px|true|true&#8221; hover_enabled=&#8221;0&#8243; border_radii=&#8221;on|15px|15px|15px|15px&#8221; box_shadow_style=&#8221;preset1&#8243; global_colors_info=&#8221;{}&#8221; sticky_enabled=&#8221;0&#8243;]<\/p>\n<p><span style=\"text-decoration: underline;\">Coordination:<\/span><br \/>Prof. Dr. Helen Blank (RUB)<br \/>Prof. Dr. Katja Wiech (Uniklinikum Essen)<\/p>\n<p><span style=\"text-decoration: underline;\">Funded by:<\/span> German Research Foundation (DFG)<br \/>(TRR 289; Project A19 within the Collaborative Research Center \u201cTreatment Expectation\u201d)<br \/><span style=\"text-decoration: underline;\">Period:<\/span> 2024-2028<\/p>\n<p><a href=\"https:\/\/treatment-expectation.de\/projekte-people\/forschungsprojekte\/a19\" target=\"_blank\" rel=\"noopener\">Website<\/a><\/p>\n<p>[\/et_pb_team_member][\/et_pb_column][et_pb_column type=&#8221;1_4&#8243; _builder_version=&#8221;4.27.4&#8243; _module_preset=&#8221;default&#8221; global_colors_info=&#8221;{}&#8221;][et_pb_team_member name=&#8221;Graduiertenkolleg \/ Research Training Group&#8221; position=&#8221;Situated Cognition&#8221; image_url=&#8221;https:\/\/philosophy-cognition.com\/cmc\/wp-content\/uploads\/2019\/03\/RTG-Situated-Cognition-logo-mit-text.png&#8221; _builder_version=&#8221;4.27.4&#8243; _module_preset=&#8221;default&#8221; position_font=&#8221;|600||||on|||&#8221; position_text_color=&#8221;rgba(0,0,0,0.76)&#8221; module_alignment=&#8221;center&#8221; custom_margin=&#8221;0px||||false|false&#8221; custom_padding=&#8221;10px|10px|10px|10px|true|true&#8221; hover_enabled=&#8221;0&#8243; border_radii=&#8221;on|15px|15px|15px|15px&#8221; box_shadow_style=&#8221;preset1&#8243; global_colors_info=&#8221;{}&#8221; sticky_enabled=&#8221;0&#8243;]<\/p>\n<p><u>Coordination:<\/u><br \/>Prof. Dr. Albert Newen (RUB)<br \/>Prof. Dr. Nikola Kompa (University of Osnabr\u00fcck)<br \/>Dr. Julia Wolf (RUB)<\/p>\n<p><u>Funded by:<\/u> German Research Foundation (DFG)<br \/><u>Period:<\/u> 2017-2026<\/p>\n<p><a href=\"https:\/\/situated-cognition.com\/\" target=\"_blank\" rel=\"noopener\">Website<\/a><\/p>\n<p><a href=\"https:\/\/treatment-expectation.de\/projekte-people\/forschungsprojekte\/a19\"><\/a><\/p>\n<p>[\/et_pb_team_member][\/et_pb_column][et_pb_column type=&#8221;1_4&#8243; _builder_version=&#8221;4.27.4&#8243; _module_preset=&#8221;default&#8221; global_colors_info=&#8221;{}&#8221;][et_pb_team_member name=&#8221;ExpliCareNext&#8221; position=&#8221;Development of AI-Based Methods for Instructing Home Care Staff&#8221; image_url=&#8221;https:\/\/philosophy-cognition.com\/cmc\/wp-content\/uploads\/2025\/12\/ExpliCareNext.jpg&#8221; _builder_version=&#8221;4.27.4&#8243; _module_preset=&#8221;default&#8221; position_font=&#8221;|600||||on|||&#8221; position_text_color=&#8221;rgba(0,0,0,0.76)&#8221; position_line_height=&#8221;1.3em&#8221; module_alignment=&#8221;center&#8221; custom_margin=&#8221;0px||||false|false&#8221; custom_padding=&#8221;10px|10px|10px|10px|true|true&#8221; hover_enabled=&#8221;0&#8243; border_radii=&#8221;on|15px|15px|15px|15px&#8221; box_shadow_style=&#8221;preset1&#8243; global_colors_info=&#8221;{}&#8221; sticky_enabled=&#8221;0&#8243;]<\/p>\n<p><u>Sci<\/u><span style=\"text-decoration: underline;\">entific PI Member:<\/span><br \/>Prof. Dr. Christian Meske<\/p>\n<p><span style=\"text-decoration: underline;\">Funded by:<\/span> German Federal Ministry for Economy and Climate Protection (BMWK)<br \/><span style=\"text-decoration: underline;\">Period:<\/span> 2024-2026<\/p>\n<p><a href=\"https:\/\/sski.ruhr-uni-bochum.de\/explicarenext-entwicklung-eines-erklaerenden-ki-basiert-kontextadaptiven-systems-zur-handlungsanleitung-von-ungelernten-kraeften-in-der-haeuslichen-pflege\/\" target=\"_blank\" rel=\"noopener\">Website<\/a><u><\/u><a href=\"https:\/\/situated-cognition.com\/\"><\/a><\/p>\n<p><a href=\"https:\/\/treatment-expectation.de\/projekte-people\/forschungsprojekte\/a19\"><\/a><\/p>\n<p>[\/et_pb_team_member][\/et_pb_column][\/et_pb_row][et_pb_row column_structure=&#8221;1_4,1_4,1_4,1_4&#8243; make_equal=&#8221;on&#8221; _builder_version=&#8221;4.27.4&#8243; _module_preset=&#8221;default&#8221; global_colors_info=&#8221;{}&#8221;][et_pb_column type=&#8221;1_4&#8243; _builder_version=&#8221;4.27.4&#8243; _module_preset=&#8221;default&#8221; global_colors_info=&#8221;{}&#8221;][et_pb_team_member name=&#8221;FOR2812&#8243; position=&#8221;Constructing Scenarios of the Past: A New Framework in Episodic Memory&#8221; image_url=&#8221;https:\/\/philosophy-cognition.com\/cmc\/wp-content\/uploads\/2025\/12\/FOR2812.png&#8221; _builder_version=&#8221;4.27.4&#8243; _module_preset=&#8221;default&#8221; position_font=&#8221;|600||||on|||&#8221; position_text_color=&#8221;rgba(0,0,0,0.76)&#8221; position_line_height=&#8221;1.3em&#8221; module_alignment=&#8221;center&#8221; custom_margin=&#8221;0px||||false|false&#8221; custom_padding=&#8221;10px|10px|10px|10px|true|true&#8221; hover_enabled=&#8221;0&#8243; border_radii=&#8221;on|15px|15px|15px|15px&#8221; box_shadow_style=&#8221;preset1&#8243; global_colors_info=&#8221;{}&#8221; sticky_enabled=&#8221;0&#8243;]<\/p>\n<p><span style=\"text-decoration: underline;\">Co<\/span><span style=\"text-decoration: underline;\">ordination:<br \/><\/span>Prof. Dr. Sen Cheng<\/p>\n<p><span style=\"text-decoration: underline;\">Funded by:<\/span> German Research Foundation (DFG)<br \/><span style=\"text-decoration: underline;\">Period:<\/span> 2019-2025<\/p>\n<p><a href=\"https:\/\/for2812.rub.de\/\" target=\"_blank\" rel=\"noopener\">Website<\/a><\/p>\n<p>[\/et_pb_team_member][\/et_pb_column][et_pb_column type=&#8221;1_4&#8243; _builder_version=&#8221;4.27.4&#8243; _module_preset=&#8221;default&#8221; global_colors_info=&#8221;{}&#8221;][et_pb_team_member name=&#8221;SFB\/CRC 1280&#8243; position=&#8221;Extinction Learning&#8221; image_url=&#8221;https:\/\/philosophy-cognition.com\/cmc\/wp-content\/uploads\/2019\/02\/Logo_SFB_1280_transparent_bigger.png&#8221; _builder_version=&#8221;4.27.4&#8243; _module_preset=&#8221;default&#8221; position_font=&#8221;|600||||on|||&#8221; position_text_color=&#8221;rgba(0,0,0,0.76)&#8221; module_alignment=&#8221;center&#8221; custom_margin=&#8221;0px||||false|false&#8221; custom_padding=&#8221;10px|10px|10px|10px|true|true&#8221; hover_enabled=&#8221;0&#8243; border_radii=&#8221;on|15px|15px|15px|15px&#8221; box_shadow_style=&#8221;preset1&#8243; global_colors_info=&#8221;{}&#8221; sticky_enabled=&#8221;0&#8243;]<\/p>\n<p><span style=\"text-decoration: underline;\">Coordination:<\/span><br \/>Prof. Dr. Onur G\u00fcnt\u00fcrk\u00fcn (RUB)<span style=\"text-decoration: underline;\"><br \/><\/span><\/p>\n<p><span style=\"text-decoration: underline;\">Funded by:<\/span> German Research Foundation (DFG)<br \/><span style=\"text-decoration: underline;\">Period:<\/span> 2017-2024<\/p>\n<p><a href=\"https:\/\/sfb1280.ruhr-uni-bochum.de\/\" target=\"_blank\" rel=\"noopener\">Website<\/a><br \/><a href=\"https:\/\/treatment-expectation.de\/projekte-people\/forschungsprojekte\/a19\"><\/a><\/p>\n<p>[\/et_pb_team_member][\/et_pb_column][et_pb_column type=&#8221;1_4&#8243; _builder_version=&#8221;4.27.4&#8243; _module_preset=&#8221;default&#8221; global_colors_info=&#8221;{}&#8221;][\/et_pb_column][et_pb_column type=&#8221;1_4&#8243; _builder_version=&#8221;4.27.4&#8243; _module_preset=&#8221;default&#8221; global_colors_info=&#8221;{}&#8221;][\/et_pb_column][\/et_pb_row][et_pb_row _builder_version=&#8221;4.27.4&#8243; _module_preset=&#8221;default&#8221; global_colors_info=&#8221;{}&#8221;][et_pb_column type=&#8221;4_4&#8243; _builder_version=&#8221;4.27.4&#8243; _module_preset=&#8221;default&#8221; global_colors_info=&#8221;{}&#8221;][et_pb_heading title=&#8221;Former Projects&#8221; _builder_version=&#8221;4.27.4&#8243; _module_preset=&#8221;default&#8221; border_width_bottom=&#8221;1px&#8221; global_colors_info=&#8221;{}&#8221;][\/et_pb_heading][\/et_pb_column][\/et_pb_row][et_pb_row column_structure=&#8221;1_4,1_4,1_4,1_4&#8243; make_equal=&#8221;on&#8221; _builder_version=&#8221;4.27.4&#8243; _module_preset=&#8221;default&#8221; global_colors_info=&#8221;{}&#8221;][et_pb_column _builder_version=&#8221;4.27.4&#8243; _module_preset=&#8221;default&#8221; type=&#8221;1_4&#8243;][et_pb_team_member name=&#8221;Situated Cognition&#8221; position=&#8221;Perceiving the World and Understanding Other Minds&#8221; image_url=&#8221;https:\/\/philosophy-cognition.com\/cmc\/wp-content\/uploads\/2025\/12\/Situated-Cognition-Webscreen.png&#8221; _builder_version=&#8221;4.27.4&#8243; _module_preset=&#8221;default&#8221; position_font=&#8221;|600||||on|||&#8221; position_text_color=&#8221;rgba(0,0,0,0.76)&#8221; module_alignment=&#8221;center&#8221; custom_margin=&#8221;0px||||false|false&#8221; custom_padding=&#8221;10px|10px|10px|10px|true|true&#8221; border_radii=&#8221;on|15px|15px|15px|15px&#8221; box_shadow_style=&#8221;preset1&#8243; global_colors_info=&#8221;{}&#8221;]<\/p>\n<p><u>Coordination:<\/u><br \/>Prof. Dr. Tobias Schlicht (RUB)<\/p>\n<p><u>Funded by:<\/u> Volkswagen Foundation<br \/><u>Period:<\/u> 2019-2024<\/p>\n<p><a href=\"https:\/\/www.pe.ruhr-uni-bochum.de\/philosophie\/ii\/bewusstsein\/team-publications.html.de\" target=\"_blank\" rel=\"noopener\">Website<\/a><a href=\"https:\/\/sfb1280.ruhr-uni-bochum.de\/\"><\/a><a href=\"https:\/\/treatment-expectation.de\/projekte-people\/forschungsprojekte\/a19\"><\/a><\/p>\n<p>[\/et_pb_team_member][\/et_pb_column][et_pb_column _builder_version=&#8221;4.27.4&#8243; _module_preset=&#8221;default&#8221; type=&#8221;1_4&#8243;][et_pb_team_member name=&#8221;Project INTERACT!&#8221; position=&#8221;New Forms of Interaction with Intelligent Systems&#8221; image_url=&#8221;https:\/\/philosophy-cognition.com\/cmc\/wp-content\/uploads\/2022\/04\/Screenshot-31.png&#8221; _builder_version=&#8221;4.27.4&#8243; _module_preset=&#8221;default&#8221; position_font=&#8221;|600||||on|||&#8221; position_text_color=&#8221;rgba(0,0,0,0.76)&#8221; module_alignment=&#8221;center&#8221; custom_margin=&#8221;0px||||false|false&#8221; custom_padding=&#8221;10px|10px|10px|10px|true|true&#8221; hover_enabled=&#8221;0&#8243; border_radii=&#8221;on|15px|15px|15px|15px&#8221; box_shadow_style=&#8221;preset1&#8243; global_colors_info=&#8221;{}&#8221; sticky_enabled=&#8221;0&#8243;]<\/p>\n<p><span style=\"text-decoration: underline;\">Coordination:<\/span><br \/>Prof. Dr. Tobias Schlicht (RUB)<\/p>\n<p><span style=\"text-decoration: underline;\">Further PIs:<\/span><br \/>Prof. Dr. Albert Newen, Prof. Dr. Nikol Rummel, Prof. Dr. Anna Tuschliug, Prof. Dr. Eva Weber-Guskar, Prof. Dr. Matthias Wei\u00df (all RUB)<\/p>\n<p><span style=\"text-decoration: underline;\">Funded by:<\/span> Ministry for Culture and Science of the State of Northrhine-Westphalia<br \/><span style=\"text-decoration: underline;\">Period:<\/span> 2021-2024<\/p>\n<p><a href=\"https:\/\/project-interact.jimdosite.com\/\" target=\"_blank\" rel=\"noopener\">Website<\/a>[\/et_pb_team_member][\/et_pb_column][et_pb_column _builder_version=&#8221;4.27.4&#8243; _module_preset=&#8221;default&#8221; type=&#8221;1_4&#8243;][et_pb_team_member name=&#8221;SFB\/CRC 874 &#8221; position=&#8221;Integration and Representation of Sensory Processes&#8221; image_url=&#8221;https:\/\/philosophy-cognition.com\/cmc\/wp-content\/uploads\/2019\/03\/SFB_Logo_RGBA.png&#8221; _builder_version=&#8221;4.27.4&#8243; _module_preset=&#8221;default&#8221; position_font=&#8221;|600||||on|||&#8221; position_text_color=&#8221;rgba(0,0,0,0.76)&#8221; module_alignment=&#8221;center&#8221; min_height_tablet=&#8221;&#8221; min_height_phone=&#8221;&#8221; min_height_last_edited=&#8221;on|desktop&#8221; height_tablet=&#8221;&#8221; height_phone=&#8221;&#8221; height_last_edited=&#8221;on|desktop&#8221; max_height_tablet=&#8221;&#8221; max_height_phone=&#8221;none&#8221; max_height_last_edited=&#8221;on|phone&#8221; custom_margin=&#8221;0px||||false|false&#8221; custom_padding=&#8221;10px|10px|10px|10px|true|true&#8221; hover_enabled=&#8221;0&#8243; border_radii=&#8221;on|15px|15px|15px|15px&#8221; box_shadow_style=&#8221;preset1&#8243; global_colors_info=&#8221;{}&#8221; title_text=&#8221;SFB_Logo_RGBA&#8221; sticky_enabled=&#8221;0&#8243;]<\/p>\n<p><u>Coordination:<\/u><br \/>Prof. Dr. Denise Manahan-Vaughan (RUB)<\/p>\n<p><u>Funded by:<\/u> German Research Foundation (DFG)<br \/><u>Period:<\/u> 2010-2022<\/p>\n<p><a href=\"https:\/\/www.ruhr-uni-bochum.de\/sfb874\/index.html\" target=\"_blank\" rel=\"noopener\">Website<\/a><\/p>\n<p>[\/et_pb_team_member][\/et_pb_column][et_pb_column type=&#8221;1_4&#8243; _builder_version=&#8221;4.27.4&#8243; _module_preset=&#8221;default&#8221; global_colors_info=&#8221;{}&#8221;][et_pb_team_member name=&#8221;DACH Project&#8221; position=&#8221;Understanding Actions &#038; Reasons&#8221; image_url=&#8221;https:\/\/philosophy-cognition.com\/cmc\/wp-content\/uploads\/2019\/03\/Structure-and-Development-of-Understanding-Actions-and-Reasons.png&#8221; _builder_version=&#8221;4.27.4&#8243; _module_preset=&#8221;default&#8221; position_font=&#8221;|600||||on|||&#8221; position_text_color=&#8221;rgba(0,0,0,0.76)&#8221; module_alignment=&#8221;center&#8221; custom_margin=&#8221;0px||||false|false&#8221; custom_padding=&#8221;10px|10px|10px|10px|true|true&#8221; hover_enabled=&#8221;0&#8243; border_radii=&#8221;on|15px|15px|15px|15px&#8221; box_shadow_style=&#8221;preset1&#8243; global_colors_info=&#8221;{}&#8221; sticky_enabled=&#8221;0&#8243;]<\/p>\n<p><span style=\"text-decoration: underline;\">Coordination:<\/span><br \/>Prof. Dr. Tobias Schlicht (RUB)<\/p>\n<p><span style=\"text-decoration: underline;\">Further PIs:<\/span><br \/>Prof. Dr. Albert Newen (RUB)<br \/>Prof. Dr. Hans-Johann Glock (University of Zurich)<br \/>Prof. Dr. Josef Perner (University of Salzburg)<\/p>\n<p><u>Funded by:<\/u> German Research Foundation (DFG), the Swiss National Fund (SNF) and the Austrian Science Fund (FWF)<br \/><u>Period:<\/u> 2018-2024<\/p>\n<p><a href=\"https:\/\/the-structure-and-development-of-understanding-act.jimdosite.com\/\" target=\"_blank\" rel=\"noopener\">Website<\/a><\/p>\n<p>[\/et_pb_team_member][\/et_pb_column][\/et_pb_row][et_pb_row _builder_version=&#8221;4.27.4&#8243; _module_preset=&#8221;default&#8221; column_structure=&#8221;1_4,1_4,1_4,1_4&#8243;][et_pb_column _builder_version=&#8221;4.27.4&#8243; _module_preset=&#8221;default&#8221; type=&#8221;1_4&#8243;][et_pb_team_member name=&#8221;Why do people believe weird things?\u00a0&#8221; position=&#8221;Bayesian Brains, Conspiracy Theories, and Intellectual Vices&#8221; _builder_version=&#8221;4.27.4&#8243; _module_preset=&#8221;default&#8221; position_font=&#8221;|600||||on|||&#8221; position_text_color=&#8221;rgba(0,0,0,0.76)&#8221; module_alignment=&#8221;center&#8221; custom_margin=&#8221;0px||||false|false&#8221; custom_padding=&#8221;10px|10px|10px|10px|true|true&#8221; hover_enabled=&#8221;0&#8243; border_radii=&#8221;on|15px|15px|15px|15px&#8221; box_shadow_style=&#8221;preset1&#8243; global_colors_info=&#8221;{}&#8221; sticky_enabled=&#8221;0&#8243; position_line_height=&#8221;1.3em&#8221;]<\/p>\n<p><u>Coordination:<\/u><br \/>Prof. Dr. Tobias Schlicht (RUB)<\/p>\n<p><u>Funded by:<\/u> Volkswagen Foundation<br \/><u>Period:<\/u> 2021-2022<\/p>\n<p><a href=\"https:\/\/philosophy-cognition.com\/cmc\/2021\/11\/10\/why-do-people-believe-weird-things-bayesian-brains-conspiracy-theories-and-intellectual-vices\/\">Website<\/a>[\/et_pb_team_member][\/et_pb_column][et_pb_column _builder_version=&#8221;4.27.4&#8243; _module_preset=&#8221;default&#8221; type=&#8221;1_4&#8243;][et_pb_team_member name=&#8221;Nachwuchsforschungsgruppe\/Junior Research Group&#8221; position=&#8221;Human Technology Interaction&#8221; image_url=&#8221;https:\/\/philosophy-cognition.com\/cmc\/wp-content\/uploads\/2019\/02\/HTI_Logo-300&#215;158.jpg&#8221; _builder_version=&#8221;4.27.4&#8243; _module_preset=&#8221;default&#8221; position_font=&#8221;|600||||on|||&#8221; position_text_color=&#8221;rgba(0,0,0,0.76)&#8221; module_alignment=&#8221;center&#8221; custom_margin=&#8221;0px||||false|false&#8221; custom_padding=&#8221;10px|10px|10px|10px|true|true&#8221; hover_enabled=&#8221;0&#8243; border_radii=&#8221;on|15px|15px|15px|15px&#8221; box_shadow_style=&#8221;preset1&#8243; global_colors_info=&#8221;{}&#8221; sticky_enabled=&#8221;0&#8243; title_text=&#8221;HTI_Logo-300&#215;158&#8243;]<\/p>\n<p><u>Coordination:<br \/><\/u>Jun.-Prof. Dr. Malte Elson (RUB)<\/p>\n<p><u>Funded by:<\/u> German Research Foundation (DFG)<\/p>\n<p><a href=\"http:\/\/graduiertenkolleg-digitale-gesellschaft.nrw\/r-go-sec\/\">Website<\/a><\/p>\n<p>[\/et_pb_team_member][\/et_pb_column][et_pb_column _builder_version=&#8221;4.27.4&#8243; _module_preset=&#8221;default&#8221; type=&#8221;1_4&#8243;][et_pb_team_member name=&#8221;PEACH&#8221; position=&#8221;Differential Impact of Parental Participation on Intensified Exposure Based Psychological Interventions in Anxiety Disorders in Children&#8221; image_url=&#8221;https:\/\/philosophy-cognition.com\/cmc\/wp-content\/uploads\/2019\/04\/PEACH-kiba-logo1.jpg&#8221; _builder_version=&#8221;4.27.4&#8243; _module_preset=&#8221;default&#8221; position_font=&#8221;|600||||on|||&#8221; position_text_color=&#8221;rgba(0,0,0,0.76)&#8221; module_alignment=&#8221;center&#8221; custom_margin=&#8221;0px||||false|false&#8221; custom_padding=&#8221;10px|10px|10px|10px|true|true&#8221; hover_enabled=&#8221;0&#8243; border_radii=&#8221;on|15px|15px|15px|15px&#8221; box_shadow_style=&#8221;preset1&#8243; global_colors_info=&#8221;{}&#8221; sticky_enabled=&#8221;0&#8243; title_text=&#8221;PEACH kiba-logo1&#8243; position_line_height=&#8221;1.3em&#8221;]<\/p>\n<p><u>Coordination:<\/u><br \/>Prof. Dr. Silvia Schneider (RUB)<\/p>\n<p><u>Funded by:<\/u> Federal Ministry of Education and Research (BMBF)<u><br \/>Period:<\/u>\u00a0since 2015<\/p>\n<p><a href=\"http:\/\/www.kli.psy.ruhr-uni-bochum.de\/kkjp\/forschung\/projektgruppen\/Intervention_Research\/peach.html\">Website<\/a><\/p>\n<p>[\/et_pb_team_member][\/et_pb_column][et_pb_column _builder_version=&#8221;4.27.4&#8243; _module_preset=&#8221;default&#8221; type=&#8221;1_4&#8243;][et_pb_team_member name=&#8221;XPrag&#8221; position=&#8221;BayesPrag@EEG&#8221; image_url=&#8221;https:\/\/philosophy-cognition.com\/cmc\/wp-content\/uploads\/2025\/12\/XPraglogo_resize.png&#8221; _builder_version=&#8221;4.27.4&#8243; _module_preset=&#8221;default&#8221; position_font=&#8221;|600||||on|||&#8221; position_text_color=&#8221;rgba(0,0,0,0.76)&#8221; module_alignment=&#8221;center&#8221; custom_margin=&#8221;0px||||false|false&#8221; custom_padding=&#8221;10px|10px|10px|10px|true|true&#8221; hover_enabled=&#8221;0&#8243; border_radii=&#8221;on|15px|15px|15px|15px&#8221; box_shadow_style=&#8221;preset1&#8243; global_colors_info=&#8221;{}&#8221; sticky_enabled=&#8221;0&#8243; title_text=&#8221;XPraglogo_resize&#8221;]<\/p>\n<p><u>Coordination:<\/u><br \/>Prof. Dr. Markus Werning (RUB)<\/p>\n<p><u>Funded by:<\/u> German Research Foundation (DFG)<br \/><u>Period:<\/u> 2017-2020<\/p>\n<p><a href=\"https:\/\/www.xprag.de\/\">Website<\/a><\/p>\n<p>[\/et_pb_team_member][\/et_pb_column][\/et_pb_row][et_pb_row _builder_version=&#8221;4.27.4&#8243; _module_preset=&#8221;default&#8221; column_structure=&#8221;1_4,1_4,1_4,1_4&#8243;][et_pb_column _builder_version=&#8221;4.27.4&#8243; _module_preset=&#8221;default&#8221; type=&#8221;1_4&#8243;][et_pb_team_member name=&#8221;Wait and See&#8221; position=&#8221;Observational Learning of Emotion Regulation Strategies in Toddlers&#8221; image_url=&#8221;https:\/\/philosophy-cognition.com\/cmc\/wp-content\/uploads\/2019\/04\/Wait-and-See.jpg&#8221; _builder_version=&#8221;4.27.4&#8243; _module_preset=&#8221;default&#8221; position_font=&#8221;|600||||on|||&#8221; position_text_color=&#8221;rgba(0,0,0,0.76)&#8221; module_alignment=&#8221;center&#8221; custom_margin=&#8221;0px||||false|false&#8221; custom_padding=&#8221;10px|10px|10px|10px|true|true&#8221; hover_enabled=&#8221;0&#8243; border_radii=&#8221;on|15px|15px|15px|15px&#8221; box_shadow_style=&#8221;preset1&#8243; global_colors_info=&#8221;{}&#8221; sticky_enabled=&#8221;0&#8243; position_line_height=&#8221;1.3em&#8221; title_text=&#8221;Wait and See&#8221;]<\/p>\n<p><u>Coordination:<br \/><\/u>Prof. Dr. Silvia Schneider (RUB)<\/p>\n<p><u>Funded by:<\/u> German Research Foundation (DFG)<br \/><u>Period:<\/u> 2016-2019<\/p>\n<p><a href=\"http:\/\/www.kli.psy.ruhr-uni-bochum.de\/kkjp\/forschung\/projektgruppen\/Developmental%20and%20Clinical%20Baby%20Research\/wait_and_see.html\">Website<\/a><\/p>\n<p>[\/et_pb_team_member][\/et_pb_column][et_pb_column _builder_version=&#8221;4.27.4&#8243; _module_preset=&#8221;default&#8221; type=&#8221;1_4&#8243;][\/et_pb_column][et_pb_column _builder_version=&#8221;4.27.4&#8243; _module_preset=&#8221;default&#8221; type=&#8221;1_4&#8243;][\/et_pb_column][et_pb_column _builder_version=&#8221;4.27.4&#8243; _module_preset=&#8221;default&#8221; type=&#8221;1_4&#8243;][\/et_pb_column][\/et_pb_row][\/et_pb_section]<\/p>\n","protected":false},"excerpt":{"rendered":"<p>Coordination:Prof. Dr. Silvia Schneider (RUB) Funded by: German Centre for Mental Health (DZPG)Period: 2023-2025 WebsiteCoordination:Prof. Dr. Helen Blank (RUB)Prof. Dr. Katja Wiech (Uniklinikum Essen) Funded by: German Research Foundation (DFG)(TRR [&hellip;]<\/p>\n","protected":false},"author":17,"featured_media":0,"parent":0,"menu_order":0,"comment_status":"closed","ping_status":"closed","template":"","meta":{"_et_pb_use_builder":"on","_et_pb_old_content":"","_et_gb_content_width":"","footnotes":""},"folder":[],"class_list":["post-4301","page","type-page","status-publish","hentry"],"_links":{"self":[{"href":"https:\/\/philosophy-cognition.com\/cmc\/wp-json\/wp\/v2\/pages\/4301","targetHints":{"allow":["GET"]}}],"collection":[{"href":"https:\/\/philosophy-cognition.com\/cmc\/wp-json\/wp\/v2\/pages"}],"about":[{"href":"https:\/\/philosophy-cognition.com\/cmc\/wp-json\/wp\/v2\/types\/page"}],"author":[{"embeddable":true,"href":"https:\/\/philosophy-cognition.com\/cmc\/wp-json\/wp\/v2\/users\/17"}],"replies":[{"embeddable":true,"href":"https:\/\/philosophy-cognition.com\/cmc\/wp-json\/wp\/v2\/comments?post=4301"}],"version-history":[{"count":11,"href":"https:\/\/philosophy-cognition.com\/cmc\/wp-json\/wp\/v2\/pages\/4301\/revisions"}],"predecessor-version":[{"id":6171,"href":"https:\/\/philosophy-cognition.com\/cmc\/wp-json\/wp\/v2\/pages\/4301\/revisions\/6171"}],"wp:attachment":[{"href":"https:\/\/philosophy-cognition.com\/cmc\/wp-json\/wp\/v2\/media?parent=4301"}],"wp:term":[{"taxonomy":"folder","embeddable":true,"href":"https:\/\/philosophy-cognition.com\/cmc\/wp-json\/wp\/v2\/folder?post=4301"}],"curies":[{"name":"wp","href":"https:\/\/api.w.org\/{rel}","templated":true}]}}