{"id":4127,"date":"2025-05-26T11:39:30","date_gmt":"2025-05-26T09:39:30","guid":{"rendered":"https:\/\/philosophy-cognition.com\/cmc\/?page_id=4127"},"modified":"2025-11-21T10:57:31","modified_gmt":"2025-11-21T09:57:31","slug":"videos","status":"publish","type":"page","link":"https:\/\/philosophy-cognition.com\/cmc\/videos\/","title":{"rendered":"Videos &#038; Podcasts"},"content":{"rendered":"<p>[et_pb_section fb_built=&#8221;1&#8243; _builder_version=&#8221;4.27.4&#8243; _module_preset=&#8221;default&#8221; global_colors_info=&#8221;{}&#8221;][et_pb_row _builder_version=&#8221;4.27.4&#8243; _module_preset=&#8221;default&#8221; locked=&#8221;off&#8221; global_colors_info=&#8221;{}&#8221;][et_pb_column type=&#8221;4_4&#8243; _builder_version=&#8221;4.27.4&#8243; _module_preset=&#8221;default&#8221; global_colors_info=&#8221;{}&#8221;][et_pb_heading title=&#8221;Videos &#038; Podcasts&#8221; _builder_version=&#8221;4.27.4&#8243; _module_preset=&#8221;default&#8221; hover_enabled=&#8221;0&#8243; global_colors_info=&#8221;{}&#8221; sticky_enabled=&#8221;0&#8243; border_width_bottom=&#8221;2px&#8221;][\/et_pb_heading][\/et_pb_column][\/et_pb_row][et_pb_row column_structure=&#8221;1_2,1_2&#8243; _builder_version=&#8221;4.27.4&#8243; _module_preset=&#8221;default&#8221; global_colors_info=&#8221;{}&#8221;][et_pb_column type=&#8221;1_2&#8243; _builder_version=&#8221;4.27.4&#8243; _module_preset=&#8221;default&#8221; global_colors_info=&#8221;{}&#8221;][et_pb_heading title=&#8221;Podcast &#8211; Philosophisches Radio (2025)&#8221; _builder_version=&#8221;4.27.4&#8243; _module_preset=&#8221;default&#8221; global_colors_info=&#8221;{}&#8221;][\/et_pb_heading][et_pb_text _builder_version=&#8221;4.27.4&#8243; _module_preset=&#8221;default&#8221; global_colors_info=&#8221;{}&#8221;]<\/p>\n<p><strong>The radio podcast to the exhibition &#8220;Wahrnehmen und Verstehen&#8221;.<\/strong><br \/>Our perception is the window to our environment and to our self-understanding. But how does it work, and why do we each see things differently? The philosopher Albert Newen talks with J\u00fcrgen Wiebicke about perception, illusion and reality.<\/p>\n<p><a href=\"https:\/\/wdrmedien-a.akamaihd.net\/medp\/podcast\/weltweit\/fsk0\/327\/3273224\/3273224_61751029.mp3\" target=\"_blank\" rel=\"noopener\">Click here to listen to the recorded podcast <\/a>\/ <a href=\"https:\/\/www1.wdr.de\/mediathek\/audio\/wdr5\/wdr5-das-philosophische-radio\/audio-albert-newen-wahrnehmen-und-verstehen-100.html\" target=\"_blank\" rel=\"noopener\">WDR page<\/a><\/p>\n<p>[\/et_pb_text][\/et_pb_column][et_pb_column type=&#8221;1_2&#8243; _builder_version=&#8221;4.27.4&#8243; _module_preset=&#8221;default&#8221; global_colors_info=&#8221;{}&#8221;][et_pb_image src=&#8221;https:\/\/philosophy-cognition.com\/cmc\/wp-content\/uploads\/2025\/08\/philosophisches-radio-podcast-100_Podcast-branded_1400x1400_cWDR-Urru-002-1024&#215;1024.jpg&#8221; title_text=&#8221;philosophisches-radio-podcast-100_Podcast-branded_1400x1400_cWDR-Urru (002)&#8221; _builder_version=&#8221;4.27.4&#8243; _module_preset=&#8221;default&#8221; width=&#8221;78.4%&#8221; max_height=&#8221;201px&#8221; custom_padding=&#8221;||0px|||&#8221; global_colors_info=&#8221;{}&#8221;][\/et_pb_image][\/et_pb_column][\/et_pb_row][et_pb_row _builder_version=&#8221;4.27.4&#8243; _module_preset=&#8221;default&#8221; border_width_top=&#8221;4px&#8221; global_colors_info=&#8221;{}&#8221;][et_pb_column type=&#8221;4_4&#8243; _builder_version=&#8221;4.27.4&#8243; _module_preset=&#8221;default&#8221; global_colors_info=&#8221;{}&#8221;][et_pb_text _builder_version=&#8221;4.27.4&#8243; _module_preset=&#8221;default&#8221; custom_padding=&#8221;0px||0px|||&#8221; global_colors_info=&#8221;{}&#8221;]<\/p>\n<div class=\"col-xs-8 col-xs-offset-2  margin-top-50\">\n<p><strong>VIDEOS from TALKS at Ruhr-University Bochum<\/strong><br \/>The videos in this section have been recorded as part of an ongoing lecture series at the Ruhr-University Bochum. They will be available online for six months after the date of the respective lecture.<\/p>\n<\/div>\n<p>[\/et_pb_text][\/et_pb_column][\/et_pb_row][et_pb_row _builder_version=&#8221;4.27.4&#8243; _module_preset=&#8221;default&#8221; global_colors_info=&#8221;{}&#8221;][et_pb_column type=&#8221;4_4&#8243; _builder_version=&#8221;4.27.4&#8243; _module_preset=&#8221;default&#8221; global_colors_info=&#8221;{}&#8221;][et_pb_heading title=&#8221;KogWis 2025 Flexible Minds: Situated &#038; Comparative Perspectives&#8221; _builder_version=&#8221;4.27.4&#8243; _module_preset=&#8221;default&#8221; global_colors_info=&#8221;{}&#8221;][\/et_pb_heading][\/et_pb_column][\/et_pb_row][et_pb_row column_structure=&#8221;1_2,1_2&#8243; _builder_version=&#8221;4.27.4&#8243; _module_preset=&#8221;default&#8221; global_colors_info=&#8221;{}&#8221;][et_pb_column type=&#8221;1_2&#8243; _builder_version=&#8221;4.27.4&#8243; _module_preset=&#8221;default&#8221; global_colors_info=&#8221;{}&#8221;][et_pb_text _builder_version=&#8221;4.27.4&#8243; _module_preset=&#8221;default&#8221; custom_margin=&#8221;||2px|||&#8221; global_colors_info=&#8221;{}&#8221;]<\/p>\n<h3 style=\"text-align: center;\">Official Conference Video<\/h3>\n<p>[\/et_pb_text][et_pb_text _builder_version=&#8221;4.27.4&#8243; _module_preset=&#8221;default&#8221; custom_margin=&#8221;||20px|||&#8221; global_colors_info=&#8221;{}&#8221;]<\/p>\n<p><span class=\"yt-core-attributed-string yt-core-attributed-string--white-space-pre-wrap\" dir=\"auto\" role=\"text\">Filmed by the Neuro-Cognitive Modeling Group, Department of Computer Science &amp; Department of Psychology @ the University of T\u00fcbingen, Germany. <\/span><\/p>\n<p><span class=\"yt-core-attributed-string yt-core-attributed-string--white-space-pre-wrap\" dir=\"auto\" role=\"text\">Follow on Youtube: <a href=\"https:\/\/www.youtube.com\/@CognitiveModeling\">www.youtube.com\/@CognitiveModeling<\/a><\/span><\/p>\n<p>[\/et_pb_text][et_pb_video src=&#8221;https:\/\/www.youtube.com\/watch?v=72HcDEKzl_E&#038;list=PLljAxuFUGQyMMHREKcfCV35SON_teTplS&#038;index=1&#8243; src_webm=&#8221;https:\/\/www.youtube.com\/watch?v=72HcDEKzl_E&#038;list=PLljAxuFUGQyMMHREKcfCV35SON_teTplS&#038;index=1&#8243; admin_label=&#8221;Video&#8221; _builder_version=&#8221;4.27.4&#8243; _module_preset=&#8221;default&#8221; custom_margin=&#8221;||10px|||&#8221; global_colors_info=&#8221;{}&#8221;][\/et_pb_video][\/et_pb_column][et_pb_column type=&#8221;1_2&#8243; _builder_version=&#8221;4.27.4&#8243; _module_preset=&#8221;default&#8221; global_colors_info=&#8221;{}&#8221;][et_pb_text _builder_version=&#8221;4.27.4&#8243; _module_preset=&#8221;default&#8221; custom_margin=&#8221;||1px|||&#8221; global_colors_info=&#8221;{}&#8221;]<\/p>\n<h3 style=\"text-align: center;\">Selected Keynote Talks<\/h3>\n<p>[\/et_pb_text][et_pb_text _builder_version=&#8221;4.27.4&#8243; _module_preset=&#8221;default&#8221; custom_margin=&#8221;||27px|||&#8221; global_colors_info=&#8221;{}&#8221;]<\/p>\n<p><strong>Rebecca B\u00f6hme:\u00a0<\/strong>The Bodily Self in Neurotypical and Neurodiverse Populations<br \/><strong>Cameron Buckner:<\/strong> Second thoughts about Chains-of-Thought: Self-talk, transparency, and (artificial) reason<br \/><strong>Lars Chittka:\u00a0<\/strong>The Mind of a Bee<br \/><strong>Martin Butz:<\/strong> Actively Contextualizing Minds<\/p>\n<p>[\/et_pb_text][et_pb_video_slider admin_label=&#8221;Video Slider KogWis25 Keynotes&#8221; _builder_version=&#8221;4.27.4&#8243; _module_preset=&#8221;default&#8221; custom_margin=&#8221;-19px|||||&#8221; custom_padding=&#8221;3px|||||&#8221; global_colors_info=&#8221;{}&#8221;][et_pb_video_slider_item admin_title=&#8221;Rebecca B\u00f6hme&#8221; src=&#8221;https:\/\/www.youtube.com\/watch?v=Sf0yDDwvzV4&#038;list=PLljAxuFUGQyMMHREKcfCV35SON_teTplS&#038;index=10&#8243; _builder_version=&#8221;4.27.4&#8243; _module_preset=&#8221;default&#8221; global_colors_info=&#8221;{}&#8221; show_image_overlay=&#8221;off&#8221;][\/et_pb_video_slider_item][et_pb_video_slider_item admin_title=&#8221;Cameron Buckner&#8221; src=&#8221;https:\/\/www.youtube.com\/watch?v=Pg_rCZeP9NA&#038;list=PLljAxuFUGQyMMHREKcfCV35SON_teTplS&#038;index=11&#8243; _builder_version=&#8221;4.27.4&#8243; _module_preset=&#8221;default&#8221; global_colors_info=&#8221;{}&#8221; show_image_overlay=&#8221;off&#8221;][\/et_pb_video_slider_item][et_pb_video_slider_item admin_title=&#8221;Lars Chittka&#8221; src=&#8221;https:\/\/www.youtube.com\/watch?v=ndDCDbduER8&#038;list=PLljAxuFUGQyMMHREKcfCV35SON_teTplS&#038;index=9&#8243; _builder_version=&#8221;4.27.4&#8243; _module_preset=&#8221;default&#8221; global_colors_info=&#8221;{}&#8221; show_image_overlay=&#8221;off&#8221;][\/et_pb_video_slider_item][et_pb_video_slider_item admin_title=&#8221;Martin Butz&#8221; src=&#8221;https:\/\/www.youtube.com\/watch?v=s6i43_muFJE&#038;list=PLljAxuFUGQyMMHREKcfCV35SON_teTplS&#038;index=12&#8243; _builder_version=&#8221;4.27.4&#8243; _module_preset=&#8221;default&#8221; global_colors_info=&#8221;{}&#8221; show_image_overlay=&#8221;off&#8221;][\/et_pb_video_slider_item][\/et_pb_video_slider][\/et_pb_column][\/et_pb_row][et_pb_row column_structure=&#8221;1_2,1_2&#8243; _builder_version=&#8221;4.27.4&#8243; _module_preset=&#8221;default&#8221; global_colors_info=&#8221;{}&#8221;][et_pb_column type=&#8221;1_2&#8243; _builder_version=&#8221;4.27.4&#8243; _module_preset=&#8221;default&#8221; global_colors_info=&#8221;{}&#8221;][et_pb_text _builder_version=&#8221;4.27.4&#8243; _module_preset=&#8221;default&#8221; custom_margin=&#8221;||1px|||&#8221; global_colors_info=&#8221;{}&#8221;]<\/p>\n<h3 style=\"text-align: center;\">Selected Symposia<\/h3>\n<p>[\/et_pb_text][et_pb_text _builder_version=&#8221;4.27.4&#8243; _module_preset=&#8221;default&#8221; global_colors_info=&#8221;{}&#8221;]<\/p>\n<p><strong>Sensory Augmentation \u2013 Extending the Mind: <\/strong>Silke K\u00e4rcher, Etienne Burdet<br \/><strong>Animal Cognition from a Comparative <\/strong><strong>Perspective:<\/strong> Lars Chittka, Maja Griem, Onur G\u00fcnt\u00fcrk\u00fcn, Albert Newen<br \/><strong>Cognitive aspects of trust in human-AI teams:<\/strong> Ute Schmid, Johannes F\u00fcrnkranz, Fritz Becker, Sebastian Kr\u00fcgel<\/p>\n<p>[\/et_pb_text][et_pb_video_slider admin_label=&#8221;Video Slider KogWis25 Symposia&#8221; _builder_version=&#8221;4.27.4&#8243; _module_preset=&#8221;default&#8221; global_colors_info=&#8221;{}&#8221;][et_pb_video_slider_item admin_title=&#8221;Sensory Augmentation&#8221; src=&#8221;https:\/\/www.youtube.com\/watch?v=nUgX95hRqBw&#038;list=PLljAxuFUGQyMMHREKcfCV35SON_teTplS&#038;index=4&#8243; _builder_version=&#8221;4.27.4&#8243; _module_preset=&#8221;default&#8221; global_colors_info=&#8221;{}&#8221; show_image_overlay=&#8221;off&#8221;][\/et_pb_video_slider_item][et_pb_video_slider_item admin_title=&#8221;Animal Cognition&#8221; src=&#8221;https:\/\/www.youtube.com\/watch?v=GMR29zfVf24&#038;list=PLljAxuFUGQyMMHREKcfCV35SON_teTplS&#038;index=3&#8243; _builder_version=&#8221;4.27.4&#8243; _module_preset=&#8221;default&#8221; global_colors_info=&#8221;{}&#8221; show_image_overlay=&#8221;off&#8221;][\/et_pb_video_slider_item][et_pb_video_slider_item admin_title=&#8221;AI Trust&#8221; src=&#8221;https:\/\/www.youtube.com\/watch?v=PG4PZNCsRUI&#038;list=PLljAxuFUGQyMMHREKcfCV35SON_teTplS&#038;index=5&#8243; _builder_version=&#8221;4.27.4&#8243; _module_preset=&#8221;default&#8221; global_colors_info=&#8221;{}&#8221; show_image_overlay=&#8221;off&#8221;][\/et_pb_video_slider_item][\/et_pb_video_slider][\/et_pb_column][et_pb_column type=&#8221;1_2&#8243; _builder_version=&#8221;4.27.4&#8243; _module_preset=&#8221;default&#8221; global_colors_info=&#8221;{}&#8221;][et_pb_text _builder_version=&#8221;4.27.4&#8243; _module_preset=&#8221;default&#8221; custom_margin=&#8221;||2px|||&#8221; global_colors_info=&#8221;{}&#8221;]<\/p>\n<h3 style=\"text-align: center;\">Selected Paper Sessions<\/h3>\n<p>[\/et_pb_text][et_pb_text _builder_version=&#8221;4.27.4&#8243; _module_preset=&#8221;default&#8221; global_colors_info=&#8221;{}&#8221;]<\/p>\n<p><strong>Computational Modeling: Learning, Memory &amp; Meta Control:<\/strong> Martin Butz, Viktoria Zemliak, Nick Augustat<br \/><strong>Culture &amp; Gender:<\/strong> Aalia Nosheen &amp; Annette Hohenberger, Evelyn Ferstl, Asya Achimova<br \/><strong>Social Cognition in Development &amp; Education:<\/strong> Witold Kraszewski &amp; Katarzyna Skowro\u0144ska, Julia Wolf, Christian Kliesch<\/p>\n<p>[\/et_pb_text][et_pb_video_slider admin_label=&#8221;Video Slider KogWis25 PaperSessions&#8221; _builder_version=&#8221;4.27.4&#8243; _module_preset=&#8221;default&#8221; global_colors_info=&#8221;{}&#8221;][et_pb_video_slider_item admin_title=&#8221;Cognitive Modeling&#8221; src=&#8221;https:\/\/www.youtube.com\/watch?v=HNx3pzWeNNs&#038;list=PLljAxuFUGQyMMHREKcfCV35SON_teTplS&#038;index=7&#8243; _builder_version=&#8221;4.27.4&#8243; _module_preset=&#8221;default&#8221; global_colors_info=&#8221;{}&#8221; show_image_overlay=&#8221;off&#8221;][\/et_pb_video_slider_item][et_pb_video_slider_item admin_title=&#8221;Culture &#038; Gender&#8221; src=&#8221;https:\/\/www.youtube.com\/watch?v=T0ashgdK4XU&#038;list=PLljAxuFUGQyMMHREKcfCV35SON_teTplS&#038;index=6&#8243; _builder_version=&#8221;4.27.4&#8243; _module_preset=&#8221;default&#8221; global_colors_info=&#8221;{}&#8221; show_image_overlay=&#8221;off&#8221;][\/et_pb_video_slider_item][et_pb_video_slider_item admin_title=&#8221;Social Cognition in Dev &#038; Edu&#8221; src=&#8221;https:\/\/www.youtube.com\/watch?v=pq_BrL7MuPs&#038;list=PLljAxuFUGQyMMHREKcfCV35SON_teTplS&#038;index=2&#8243; _builder_version=&#8221;4.27.4&#8243; _module_preset=&#8221;default&#8221; global_colors_info=&#8221;{}&#8221; show_image_overlay=&#8221;off&#8221;][\/et_pb_video_slider_item][\/et_pb_video_slider][\/et_pb_column][\/et_pb_row][et_pb_row _builder_version=&#8221;4.27.4&#8243; _module_preset=&#8221;default&#8221; border_width_top=&#8221;2px&#8221; global_colors_info=&#8221;{}&#8221;][et_pb_column type=&#8221;4_4&#8243; _builder_version=&#8221;4.27.4&#8243; _module_preset=&#8221;default&#8221; global_colors_info=&#8221;{}&#8221;][et_pb_heading title=&#8221;Rudolf Carnap Lectures 2025 with Prof. Peter Carruthers&#8221; _builder_version=&#8221;4.27.4&#8243; _module_preset=&#8221;default&#8221; global_colors_info=&#8221;{}&#8221;][\/et_pb_heading][\/et_pb_column][\/et_pb_row][et_pb_row column_structure=&#8221;1_2,1_2&#8243; _builder_version=&#8221;4.27.4&#8243; _module_preset=&#8221;default&#8221; global_colors_info=&#8221;{}&#8221;][et_pb_column type=&#8221;1_2&#8243; _builder_version=&#8221;4.27.4&#8243; _module_preset=&#8221;default&#8221; global_colors_info=&#8221;{}&#8221;][et_pb_divider show_divider=&#8221;off&#8221; _builder_version=&#8221;4.27.4&#8243; _module_preset=&#8221;default&#8221; custom_margin=&#8221;||16px|||&#8221; global_colors_info=&#8221;{}&#8221;][\/et_pb_divider][et_pb_image src=&#8221;https:\/\/philosophy-cognition.com\/cmc\/wp-content\/uploads\/2025\/06\/peter-carruthers.jpeg&#8221; title_text=&#8221;peter-carruthers&#8221; align=&#8221;center&#8221; _builder_version=&#8221;4.27.4&#8243; _module_preset=&#8221;default&#8221; global_colors_info=&#8221;{}&#8221;][\/et_pb_image][et_pb_text _builder_version=&#8221;4.27.4&#8243; _module_preset=&#8221;default&#8221; global_colors_info=&#8221;{}&#8221;]<\/p>\n<p style=\"text-align: center;\">Prof. Peter Carruthers (Maryland University)<\/p>\n<p>[\/et_pb_text][\/et_pb_column][et_pb_column type=&#8221;1_2&#8243; _builder_version=&#8221;4.27.4&#8243; _module_preset=&#8221;default&#8221; global_colors_info=&#8221;{}&#8221;][et_pb_text _builder_version=&#8221;4.27.4&#8243; _module_preset=&#8221;default&#8221; custom_margin=&#8221;||14px|||&#8221; global_colors_info=&#8221;{}&#8221;]<\/p>\n<p><strong>Lecture 1: The interpretative sensory-access theory of self-knowledge: The case of inner speech<\/strong><\/p>\n<p>[\/et_pb_text][et_pb_video src=&#8221;https:\/\/www.youtube.com\/watch?v=z5ZKDbL3nT0&#8243; _builder_version=&#8221;4.27.4&#8243; _module_preset=&#8221;default&#8221; global_colors_info=&#8221;{}&#8221;][\/et_pb_video][\/et_pb_column][\/et_pb_row][et_pb_row column_structure=&#8221;1_3,1_3,1_3&#8243; _builder_version=&#8221;4.27.4&#8243; _module_preset=&#8221;default&#8221; border_width_bottom=&#8221;2px&#8221; global_colors_info=&#8221;{}&#8221;][et_pb_column type=&#8221;1_3&#8243; _builder_version=&#8221;4.27.4&#8243; _module_preset=&#8221;default&#8221; global_colors_info=&#8221;{}&#8221;][et_pb_text _builder_version=&#8221;4.27.4&#8243; _module_preset=&#8221;default&#8221; custom_margin=&#8221;||14px|||&#8221; global_colors_info=&#8221;{}&#8221;]<\/p>\n<p>Lecture 2: Understanding human motives: Hedonism, Altruism, and Tribalism (Public Lecture, Award Lecture)<\/p>\n<p>[\/et_pb_text][et_pb_video src=&#8221;https:\/\/youtu.be\/B41uy6NuozU&#8221; _builder_version=&#8221;4.27.4&#8243; _module_preset=&#8221;default&#8221; global_colors_info=&#8221;{}&#8221;][\/et_pb_video][\/et_pb_column][et_pb_column type=&#8221;1_3&#8243; _builder_version=&#8221;4.27.4&#8243; _module_preset=&#8221;default&#8221; global_colors_info=&#8221;{}&#8221;][et_pb_text _builder_version=&#8221;4.27.4&#8243; _module_preset=&#8221;default&#8221; custom_margin=&#8221;||38px|||&#8221; global_colors_info=&#8221;{}&#8221;]<\/p>\n<p>Lecture 3: The nature of pleasure and desire: where philosophers go wrong<\/p>\n<p>[\/et_pb_text][et_pb_video src=&#8221;https:\/\/youtu.be\/z5ZKDbL3nT0&#8243; _builder_version=&#8221;4.27.4&#8243; _module_preset=&#8221;default&#8221; global_colors_info=&#8221;{}&#8221;][\/et_pb_video][\/et_pb_column][et_pb_column type=&#8221;1_3&#8243; _builder_version=&#8221;4.27.4&#8243; _module_preset=&#8221;default&#8221; global_colors_info=&#8221;{}&#8221;][et_pb_text _builder_version=&#8221;4.27.4&#8243; _module_preset=&#8221;default&#8221; custom_margin=&#8221;||38px|||&#8221; global_colors_info=&#8221;{}&#8221;]<\/p>\n<p>Lecture 4: Stop caring about (phenomenal) consciousness<\/p>\n<p>[\/et_pb_text][et_pb_video src=&#8221;https:\/\/youtu.be\/ZAWEjveyLz0&#8243; _builder_version=&#8221;4.27.4&#8243; _module_preset=&#8221;default&#8221; global_colors_info=&#8221;{}&#8221;][\/et_pb_video][\/et_pb_column][\/et_pb_row][et_pb_row _builder_version=&#8221;4.27.4&#8243; _module_preset=&#8221;default&#8221; custom_margin=&#8221;33px|auto||auto||&#8221; custom_padding=&#8221;32px|||||&#8221; global_colors_info=&#8221;{}&#8221;][et_pb_column type=&#8221;4_4&#8243; _builder_version=&#8221;4.27.4&#8243; _module_preset=&#8221;default&#8221; global_colors_info=&#8221;{}&#8221;][et_pb_heading title=&#8221;Rudolf Carnap Lectures 2024 with Prof. Lisa Feldman Barrett&#8221; _builder_version=&#8221;4.27.4&#8243; _module_preset=&#8221;default&#8221; global_colors_info=&#8221;{}&#8221;][\/et_pb_heading][\/et_pb_column][\/et_pb_row][et_pb_row column_structure=&#8221;1_2,1_2&#8243; _builder_version=&#8221;4.27.4&#8243; _module_preset=&#8221;default&#8221; global_colors_info=&#8221;{}&#8221;][et_pb_column type=&#8221;1_2&#8243; _builder_version=&#8221;4.27.4&#8243; _module_preset=&#8221;default&#8221; global_colors_info=&#8221;{}&#8221;][et_pb_image src=&#8221;https:\/\/philosophy-cognition.com\/cmc\/wp-content\/uploads\/2025\/05\/Lisa-Feldman-Barrett.png&#8221; title_text=&#8221;Lisa Feldman Barrett&#8221; align=&#8221;center&#8221; _builder_version=&#8221;4.27.4&#8243; _module_preset=&#8221;default&#8221; global_colors_info=&#8221;{}&#8221;][\/et_pb_image][et_pb_text _builder_version=&#8221;4.27.4&#8243; _module_preset=&#8221;default&#8221; global_colors_info=&#8221;{}&#8221;]<\/p>\n<p style=\"text-align: center;\">Lisa Feldman Barrett (Northeastern University, Boston)<\/p>\n<p>[\/et_pb_text][\/et_pb_column][et_pb_column type=&#8221;1_2&#8243; _builder_version=&#8221;4.27.4&#8243; _module_preset=&#8221;default&#8221; global_colors_info=&#8221;{}&#8221;][et_pb_text _builder_version=&#8221;4.27.4&#8243; _module_preset=&#8221;default&#8221; custom_margin=&#8221;||5px|||&#8221; global_colors_info=&#8221;{}&#8221;]<\/p>\n<p><strong>Lecture 1: Three Lessons About Emotion<\/strong><\/p>\n<p>[\/et_pb_text][et_pb_video src=&#8221;https:\/\/youtu.be\/4Q91hzSMG3k&#8221; _builder_version=&#8221;4.27.4&#8243; _module_preset=&#8221;default&#8221; global_colors_info=&#8221;{}&#8221;][\/et_pb_video][\/et_pb_column][\/et_pb_row][et_pb_row column_structure=&#8221;1_3,1_3,1_3&#8243; _builder_version=&#8221;4.27.4&#8243; _module_preset=&#8221;default&#8221; custom_margin=&#8221;|75px||auto||&#8221; border_width_bottom=&#8221;2px&#8221; global_colors_info=&#8221;{}&#8221;][et_pb_column type=&#8221;1_3&#8243; _builder_version=&#8221;4.27.4&#8243; _module_preset=&#8221;default&#8221; global_colors_info=&#8221;{}&#8221;][et_pb_text _builder_version=&#8221;4.27.4&#8243; _module_preset=&#8221;default&#8221; custom_margin=&#8221;||32px|||&#8221; global_colors_info=&#8221;{}&#8221;]<\/p>\n<p><strong>Lecture 2: Concepts as Tools For Living (Award Lecture)<\/strong><\/p>\n<p>[\/et_pb_text][et_pb_video src=&#8221;https:\/\/youtu.be\/PGmegeodA7Y&#8221; _builder_version=&#8221;4.27.4&#8243; _module_preset=&#8221;default&#8221; global_colors_info=&#8221;{}&#8221;][\/et_pb_video][\/et_pb_column][et_pb_column type=&#8221;1_3&#8243; _builder_version=&#8221;4.27.4&#8243; _module_preset=&#8221;default&#8221; global_colors_info=&#8221;{}&#8221;][et_pb_text _builder_version=&#8221;4.27.4&#8243; _module_preset=&#8221;default&#8221; custom_margin=&#8221;||7px|||&#8221; global_colors_info=&#8221;{}&#8221;]<\/p>\n<p><strong>Lecture 3: Three Lessons About the Brain (or, Some Stuff I\u2019ve Learned from Studying Emotion)<\/strong><\/p>\n<p>[\/et_pb_text][et_pb_video src=&#8221;https:\/\/youtu.be\/y4oHsayquhg&#8221; _builder_version=&#8221;4.27.4&#8243; _module_preset=&#8221;default&#8221; global_colors_info=&#8221;{}&#8221;][\/et_pb_video][\/et_pb_column][et_pb_column type=&#8221;1_3&#8243; _builder_version=&#8221;4.27.4&#8243; _module_preset=&#8221;default&#8221; global_colors_info=&#8221;{}&#8221;][et_pb_text _builder_version=&#8221;4.27.4&#8243; _module_preset=&#8221;default&#8221; custom_margin=&#8221;||7px|||&#8221; global_colors_info=&#8221;{}&#8221;]<\/p>\n<p><strong>Lecture 4: Relational Realism as a Framework for Understanding the Mind<\/strong><\/p>\n<p>[\/et_pb_text][et_pb_video src=&#8221;https:\/\/youtu.be\/poQ6HwkhJfk&#8221; _builder_version=&#8221;4.27.4&#8243; _module_preset=&#8221;default&#8221; global_colors_info=&#8221;{}&#8221;][\/et_pb_video][\/et_pb_column][\/et_pb_row][et_pb_row _builder_version=&#8221;4.27.4&#8243; _module_preset=&#8221;default&#8221; custom_margin=&#8221;36px|auto||auto||&#8221; global_colors_info=&#8221;{}&#8221;][et_pb_column type=&#8221;4_4&#8243; _builder_version=&#8221;4.27.4&#8243; _module_preset=&#8221;default&#8221; global_colors_info=&#8221;{}&#8221;][et_pb_heading title=&#8221;Augmentative Technology&#8221; _builder_version=&#8221;4.27.4&#8243; _module_preset=&#8221;default&#8221; global_colors_info=&#8221;{}&#8221;][\/et_pb_heading][\/et_pb_column][\/et_pb_row][et_pb_row column_structure=&#8221;1_2,1_2&#8243; _builder_version=&#8221;4.27.4&#8243; _module_preset=&#8221;default&#8221; border_width_bottom=&#8221;2px&#8221; global_colors_info=&#8221;{}&#8221;][et_pb_column type=&#8221;1_2&#8243; _builder_version=&#8221;4.27.4&#8243; _module_preset=&#8221;default&#8221; global_colors_info=&#8221;{}&#8221;][et_pb_image src=&#8221;https:\/\/philosophy-cognition.com\/cmc\/wp-content\/uploads\/2025\/05\/Frederique-de-Vignemont.jpg&#8221; title_text=&#8221;Frederique de Vignemont&#8221; align=&#8221;center&#8221; _builder_version=&#8221;4.27.4&#8243; _module_preset=&#8221;default&#8221; global_colors_info=&#8221;{}&#8221;][\/et_pb_image][et_pb_text _builder_version=&#8221;4.27.4&#8243; _module_preset=&#8221;default&#8221; global_colors_info=&#8221;{}&#8221;]<\/p>\n<p style=\"text-align: center;\">Frederique de Vignemont (Institut Jean Nicod)<\/p>\n<p>[\/et_pb_text][\/et_pb_column][et_pb_column type=&#8221;1_2&#8243; _builder_version=&#8221;4.27.4&#8243; _module_preset=&#8221;default&#8221; global_colors_info=&#8221;{}&#8221;][et_pb_video src=&#8221;https:\/\/youtu.be\/Fk_oHDjnKM4&#8243; _builder_version=&#8221;4.27.4&#8243; _module_preset=&#8221;default&#8221; global_colors_info=&#8221;{}&#8221;][\/et_pb_video][\/et_pb_column][\/et_pb_row][et_pb_row _builder_version=&#8221;4.27.4&#8243; _module_preset=&#8221;default&#8221; custom_margin=&#8221;44px|auto||auto||&#8221; global_colors_info=&#8221;{}&#8221;][et_pb_column type=&#8221;4_4&#8243; _builder_version=&#8221;4.27.4&#8243; _module_preset=&#8221;default&#8221; global_colors_info=&#8221;{}&#8221;][et_pb_heading title=&#8221;Constructing animal affect profiles&#8221; _builder_version=&#8221;4.27.4&#8243; _module_preset=&#8221;default&#8221; global_colors_info=&#8221;{}&#8221;][\/et_pb_heading][\/et_pb_column][\/et_pb_row][et_pb_row column_structure=&#8221;1_2,1_2&#8243; _builder_version=&#8221;4.27.4&#8243; _module_preset=&#8221;default&#8221; global_colors_info=&#8221;{}&#8221;][et_pb_column type=&#8221;1_2&#8243; _builder_version=&#8221;4.27.4&#8243; _module_preset=&#8221;default&#8221; global_colors_info=&#8221;{}&#8221;][et_pb_image src=&#8221;https:\/\/philosophy-cognition.com\/cmc\/wp-content\/uploads\/2025\/05\/Heather-Browning.png&#8221; title_text=&#8221;Heather Browning&#8221; align=&#8221;center&#8221; _builder_version=&#8221;4.27.4&#8243; _module_preset=&#8221;default&#8221; global_colors_info=&#8221;{}&#8221;][\/et_pb_image][et_pb_text _builder_version=&#8221;4.27.4&#8243; _module_preset=&#8221;default&#8221; global_colors_info=&#8221;{}&#8221;]<\/p>\n<p style=\"text-align: center;\">Heather Browning (University of Southampton)<\/p>\n<p>[\/et_pb_text][\/et_pb_column][et_pb_column type=&#8221;1_2&#8243; _builder_version=&#8221;4.27.4&#8243; _module_preset=&#8221;default&#8221; global_colors_info=&#8221;{}&#8221;][et_pb_video src=&#8221;https:\/\/youtu.be\/BnvImiRO3No&#8221; _builder_version=&#8221;4.27.4&#8243; _module_preset=&#8221;default&#8221; global_colors_info=&#8221;{}&#8221;][\/et_pb_video][\/et_pb_column][\/et_pb_row][\/et_pb_section]<\/p>\n","protected":false},"excerpt":{"rendered":"<p>The radio podcast to the exhibition &#8220;Wahrnehmen und Verstehen&#8221;.Our perception is the window to our environment and to our self-understanding. But how does it work, and why do we each [&hellip;]<\/p>\n","protected":false},"author":17,"featured_media":0,"parent":0,"menu_order":0,"comment_status":"closed","ping_status":"closed","template":"","meta":{"_et_pb_use_builder":"on","_et_pb_old_content":"","_et_gb_content_width":"","footnotes":""},"folder":[],"class_list":["post-4127","page","type-page","status-publish","hentry"],"_links":{"self":[{"href":"https:\/\/philosophy-cognition.com\/cmc\/wp-json\/wp\/v2\/pages\/4127","targetHints":{"allow":["GET"]}}],"collection":[{"href":"https:\/\/philosophy-cognition.com\/cmc\/wp-json\/wp\/v2\/pages"}],"about":[{"href":"https:\/\/philosophy-cognition.com\/cmc\/wp-json\/wp\/v2\/types\/page"}],"author":[{"embeddable":true,"href":"https:\/\/philosophy-cognition.com\/cmc\/wp-json\/wp\/v2\/users\/17"}],"replies":[{"embeddable":true,"href":"https:\/\/philosophy-cognition.com\/cmc\/wp-json\/wp\/v2\/comments?post=4127"}],"version-history":[{"count":28,"href":"https:\/\/philosophy-cognition.com\/cmc\/wp-json\/wp\/v2\/pages\/4127\/revisions"}],"predecessor-version":[{"id":6114,"href":"https:\/\/philosophy-cognition.com\/cmc\/wp-json\/wp\/v2\/pages\/4127\/revisions\/6114"}],"wp:attachment":[{"href":"https:\/\/philosophy-cognition.com\/cmc\/wp-json\/wp\/v2\/media?parent=4127"}],"wp:term":[{"taxonomy":"folder","embeddable":true,"href":"https:\/\/philosophy-cognition.com\/cmc\/wp-json\/wp\/v2\/folder?post=4127"}],"curies":[{"name":"wp","href":"https:\/\/api.w.org\/{rel}","templated":true}]}}